{"id":247,"date":"2017-11-18T09:40:03","date_gmt":"2017-11-18T12:40:03","guid":{"rendered":"http:\/\/www.tomiozzo.med.br\/?page_id=247"},"modified":"2017-11-18T09:49:43","modified_gmt":"2017-11-18T12:49:43","slug":"urgencias","status":"publish","type":"page","link":"https:\/\/www.tomiozzo.med.br\/?page_id=247","title":{"rendered":"Urg\u00eancias"},"content":{"rendered":"<p style=\"text-align: center;\"><span style=\"font-family: helvetica, arial, sans-serif;\">Em caso de urg\u00eancias ou emerg\u00eancias, referenciamos nossos pacientes aos hospitais:<\/span><\/p>\n<div style=\"text-align: center;\">\n<div style=\"width: 210; height: 134; display: inline-block;\"><a title=\"HCPF\" href=\"http:\/\/www.hcpf.com.br\" target=\"_blank\"><img loading=\"lazy\" decoding=\"async\" class=\"alignnone size-full wp-image-74\" src=\"https:\/\/www.tomiozzo.med.br\/wp-content\/uploads\/2017\/11\/logo_hcpf.png\" alt=\"\" width=\"200\" height=\"132\" \/><\/a><\/div>\n<div style=\"width: 210; height: 134; display: inline-block;\"><a title=\"Prontoclinicas\" href=\"http:\/\/www.prontoclinicas.com.br\" target=\"_blank\"><img loading=\"lazy\" decoding=\"async\" class=\"size-full wp-image-62 aligncenter\" src=\"https:\/\/www.tomiozzo.med.br\/wp-content\/uploads\/2017\/11\/logo_prontoc.png\" alt=\"\" width=\"200\" height=\"132\" \/><\/a><\/div>\n<\/div>\n<p style=\"text-align: center;\"><span style=\"font-family: helvetica, arial, sans-serif;\"><span style=\"font-family: helvetica, arial, sans-serif;\">Tamb\u00e9m realizamos avalia\u00e7\u00f5es neurol\u00f3gicas nas unidades de emerg\u00eancias e interna\u00e7\u00e3o*.<\/span><\/span><\/p>\n<p style=\"text-align: left;\"><span style=\"font-size: 8pt; font-family: helvetica, arial, sans-serif;\">*Consultar disponibilidade com as recep\u00e7\u00f5es ou equipe assistente dos hospitais.<\/span><\/p>\n","protected":false},"excerpt":{"rendered":"<p>Em caso de urg\u00eancias ou emerg\u00eancias, referenciamos nossos pacientes aos hospitais: Tamb\u00e9m realizamos avalia\u00e7\u00f5es neurol\u00f3gicas nas unidades de emerg\u00eancias e interna\u00e7\u00e3o*. *Consultar disponibilidade com as recep\u00e7\u00f5es ou equipe assistente dos hospitais.<\/p>\n","protected":false},"author":1,"featured_media":0,"parent":0,"menu_order":0,"comment_status":"closed","ping_status":"closed","template":"","meta":{"footnotes":""},"class_list":["post-247","page","type-page","status-publish","hentry"],"_links":{"self":[{"href":"https:\/\/www.tomiozzo.med.br\/index.php?rest_route=\/wp\/v2\/pages\/247","targetHints":{"allow":["GET"]}}],"collection":[{"href":"https:\/\/www.tomiozzo.med.br\/index.php?rest_route=\/wp\/v2\/pages"}],"about":[{"href":"https:\/\/www.tomiozzo.med.br\/index.php?rest_route=\/wp\/v2\/types\/page"}],"author":[{"embeddable":true,"href":"https:\/\/www.tomiozzo.med.br\/index.php?rest_route=\/wp\/v2\/users\/1"}],"replies":[{"embeddable":true,"href":"https:\/\/www.tomiozzo.med.br\/index.php?rest_route=%2Fwp%2Fv2%2Fcomments&post=247"}],"version-history":[{"count":3,"href":"https:\/\/www.tomiozzo.med.br\/index.php?rest_route=\/wp\/v2\/pages\/247\/revisions"}],"predecessor-version":[{"id":258,"href":"https:\/\/www.tomiozzo.med.br\/index.php?rest_route=\/wp\/v2\/pages\/247\/revisions\/258"}],"wp:attachment":[{"href":"https:\/\/www.tomiozzo.med.br\/index.php?rest_route=%2Fwp%2Fv2%2Fmedia&parent=247"}],"curies":[{"name":"wp","href":"https:\/\/api.w.org\/{rel}","templated":true}]}}