{"id":230,"date":"2017-11-18T08:25:19","date_gmt":"2017-11-18T11:25:19","guid":{"rendered":"http:\/\/www.tomiozzo.med.br\/?page_id=230"},"modified":"2017-11-18T08:25:38","modified_gmt":"2017-11-18T11:25:38","slug":"clinica","status":"publish","type":"page","link":"https:\/\/www.tomiozzo.med.br\/?page_id=230","title":{"rendered":"Cl\u00ednica"},"content":{"rendered":"<p><span style=\"font-family: helvetica, arial, sans-serif;\">Com as atividades iniciadas em 2015, nosso foco \u00e9 a preven\u00e7\u00e3o, diagn\u00f3stico e tratamento das doen\u00e7as do sistema nervoso central. Possu\u00edmos compromisso de atendimento qualificado, com a melhor tecnologia e conhecimentos atualizados nas \u00e1reas de cefaleias, dist\u00farbios do movimento, doen\u00e7as cerebrovasculares, epilepsias e neuroimunologia.<\/span><\/p>\n<p><span style=\"font-family: helvetica, arial, sans-serif;\">Para melhor conforto dos pacientes estamos localizados na torre comercial do Shopping Bella Citt\u00e1.<\/span><\/p>\n<p><iframe loading=\"lazy\" style=\"border: 0;\" src=\"https:\/\/www.google.com\/maps\/embed?pb=!1m14!1m8!1m3!1d14056.750381223223!2d-52.409656!3d-28.262328!3m2!1i1024!2i768!4f13.1!3m3!1m2!1s0x0%3A0x1bec5a87733e4fdd!2sJos%C3%A9+Tomiozzo+-+Neurologista!5e0!3m2!1spt-BR!2sbr!4v1492379568649\" width=\"600\" height=\"450\" frameborder=\"0\" allowfullscreen=\"allowfullscreen\"><\/iframe><\/p>\n","protected":false},"excerpt":{"rendered":"<p>Com as atividades iniciadas em 2015, nosso foco \u00e9 a preven\u00e7\u00e3o, diagn\u00f3stico e tratamento das doen\u00e7as do sistema nervoso central. Possu\u00edmos compromisso de atendimento qualificado, com a melhor tecnologia e conhecimentos atualizados nas \u00e1reas de cefaleias, dist\u00farbios do movimento, doen\u00e7as cerebrovasculares, epilepsias e neuroimunologia. Para melhor conforto dos pacientes estamos localizados na torre comercial do<\/p>\n<div class=\"view-full-post\"><a href=\"https:\/\/www.tomiozzo.med.br\/?page_id=230\" class=\"view-full-post-btn\">View Full Post<\/a><\/div>\n","protected":false},"author":1,"featured_media":0,"parent":0,"menu_order":0,"comment_status":"closed","ping_status":"closed","template":"","meta":{"footnotes":""},"class_list":["post-230","page","type-page","status-publish","hentry"],"_links":{"self":[{"href":"https:\/\/www.tomiozzo.med.br\/index.php?rest_route=\/wp\/v2\/pages\/230","targetHints":{"allow":["GET"]}}],"collection":[{"href":"https:\/\/www.tomiozzo.med.br\/index.php?rest_route=\/wp\/v2\/pages"}],"about":[{"href":"https:\/\/www.tomiozzo.med.br\/index.php?rest_route=\/wp\/v2\/types\/page"}],"author":[{"embeddable":true,"href":"https:\/\/www.tomiozzo.med.br\/index.php?rest_route=\/wp\/v2\/users\/1"}],"replies":[{"embeddable":true,"href":"https:\/\/www.tomiozzo.med.br\/index.php?rest_route=%2Fwp%2Fv2%2Fcomments&post=230"}],"version-history":[{"count":2,"href":"https:\/\/www.tomiozzo.med.br\/index.php?rest_route=\/wp\/v2\/pages\/230\/revisions"}],"predecessor-version":[{"id":232,"href":"https:\/\/www.tomiozzo.med.br\/index.php?rest_route=\/wp\/v2\/pages\/230\/revisions\/232"}],"wp:attachment":[{"href":"https:\/\/www.tomiozzo.med.br\/index.php?rest_route=%2Fwp%2Fv2%2Fmedia&parent=230"}],"curies":[{"name":"wp","href":"https:\/\/api.w.org\/{rel}","templated":true}]}}