{"id":2280,"date":"2025-02-03T18:22:10","date_gmt":"2025-02-03T21:22:10","guid":{"rendered":"https:\/\/www.tomiozzo.med.br\/?page_id=2280"},"modified":"2025-02-03T18:26:52","modified_gmt":"2025-02-03T21:26:52","slug":"cid-11","status":"publish","type":"page","link":"https:\/\/www.tomiozzo.med.br\/?page_id=2280","title":{"rendered":"CID-11"},"content":{"rendered":"\n<p>O CID (Classifica\u00e7\u00e3o Internacional de Doen\u00e7as) \u00e9 um sistema utilizado para classificar e codificar as doen\u00e7as e outros problemas de sa\u00fade. Ele \u00e9 desenvolvido pela Organiza\u00e7\u00e3o Mundial da Sa\u00fade (OMS) e tem como objetivo fornecer uma maneira padronizada de identificar e categorizar doen\u00e7as, facilitando o diagn\u00f3stico, o tratamento, a pesquisa e a coleta de dados sobre a sa\u00fade das popula\u00e7\u00f5es.<\/p>\n\n\n\n<p>A vers\u00e3o mais recente \u00e9 o CID-11, que entrou em vigor em 2022 e traz atualiza\u00e7\u00f5es importantes em rela\u00e7\u00e3o ao CID-10, que era amplamente utilizado at\u00e9 ent\u00e3o. O CID ajuda tanto os profissionais de sa\u00fade quanto os sistemas de sa\u00fade p\u00fablica a organizar informa\u00e7\u00f5es e a melhorar a gest\u00e3o da sa\u00fade no mundo todo.<\/p>\n\n\n\n<p>No Brasil, o&nbsp;<strong>CID-11<\/strong>&nbsp;come\u00e7ou a ser adotado oficialmente em&nbsp;<strong>janeiro de 2024<\/strong>, ap\u00f3s um per\u00edodo de transi\u00e7\u00e3o. Durante esse per\u00edodo, os profissionais de sa\u00fade e os sistemas de sa\u00fade p\u00fablica puderam se adaptar \u00e0s mudan\u00e7as e aprender sobre as novas classifica\u00e7\u00f5es e c\u00f3digos.<\/p>\n\n\n\n<p>Antes disso, o Brasil utilizava o&nbsp;<strong>CID-10<\/strong>&nbsp;(que estava em vigor desde 1993), e a implementa\u00e7\u00e3o do CID-11 foi gradual. A mudan\u00e7a faz parte de um processo global coordenado pela Organiza\u00e7\u00e3o Mundial da Sa\u00fade (OMS), com a transi\u00e7\u00e3o oficial ocorrendo em 2022, mas o Brasil deu esse prazo extra para se ajustar completamente.<\/p>\n\n\n\n<p>Esse novo sistema de codifica\u00e7\u00e3o trouxe algumas atualiza\u00e7\u00f5es, como melhorias na classifica\u00e7\u00e3o de doen\u00e7as e maior precis\u00e3o em algumas categorias, refletindo o avan\u00e7o no conhecimento m\u00e9dico e cient\u00edfico.<\/p>\n\n\n\n<p><a href=\"https:\/\/icd.who.int\/browse\/2024-01\/mms\/pt\" target=\"_blank\" rel=\"noreferrer noopener\">Aqui<\/a> voc\u00ea pode ter acesso \u00e0 p\u00e1gina oficial de pesquisa do CID-11 em portugu\u00eas.<\/p>\n\n\n\n<p><a href=\"https:\/\/icd.who.int\/browse\/2024-01\/mms\/pt\" target=\"_blank\" rel=\"noreferrer noopener\">https:\/\/icd.who.int\/browse\/2024-01\/mms\/pt<\/a><\/p>\n\n\n\n<p><\/p>\n\n\n\n<p>Refer\u00eancias:<\/p>\n\n\n\n<ol class=\"wp-block-list\">\n<li class=\"has-small-font-size\"><strong>MINIST\u00c9RIO DA SA\u00daDE.<\/strong>&nbsp;Portaria sobre a transi\u00e7\u00e3o para o CID-11. Dispon\u00edvel em:&nbsp;<a>https:\/\/www.gov.br\/saude\/pt-br<\/a>. Acesso em: 3 fev. 2025.<\/li>\n\n\n\n<li class=\"has-small-font-size\"><strong>ORGANIZA\u00c7\u00c3O MUNDIAL DA SA\u00daDE (OMS).<\/strong>&nbsp;Classifica\u00e7\u00e3o Internacional de Doen\u00e7as (CID-11). Dispon\u00edvel em:&nbsp;<a href=\"https:\/\/www.who.int\/classifications\/icd\/en\/\">https:\/\/www.who.int\/classifications\/icd\/en\/<\/a>. Acesso em: 3 fev. 2025.<\/li>\n\n\n\n<li class=\"has-small-font-size\"><strong>ORGANIZA\u00c7\u00c3O MUNDIAL DA SA\u00daDE (OMS).<\/strong>&nbsp;Fatos sobre a Classifica\u00e7\u00e3o Internacional de Doen\u00e7as. Dispon\u00edvel em:&nbsp;<a href=\"https:\/\/www.who.int\/news-room\/fact-sheets\/detail\/international-classification-of-diseases\">https:\/\/www.who.int\/news-room\/fact-sheets\/detail\/international-classification-of-diseases<\/a>. Acesso em: 3 fev. 2025.<\/li>\n\n\n\n<li class=\"has-small-font-size\"><strong>COMISS\u00c3O NACIONAL DE INCORPORA\u00c7\u00c3O DE TECNOLOGIAS NO SUS (CONITEC).<\/strong>&nbsp;Dispon\u00edvel em:&nbsp;<a>https:\/\/www.gov.br\/conitec\/pt-br<\/a>. Acesso em: 3 fev. 2025.<\/li>\n\n\n\n<li class=\"has-small-font-size\"><strong>ASSOCIA\u00c7\u00c3O BRASILEIRA DE MEDICINA (ABM).<\/strong>&nbsp;Dispon\u00edvel em:&nbsp;<a href=\"https:\/\/www.abm.org.br\/\">https:\/\/www.abm.org.br<\/a>. Acesso em: 3 fev. 2025.<\/li>\n<\/ol>\n\n\n\n<p><\/p>\n","protected":false},"excerpt":{"rendered":"<p>O CID (Classifica\u00e7\u00e3o Internacional de Doen\u00e7as) \u00e9 um sistema utilizado para classificar e codificar as doen\u00e7as e outros problemas de sa\u00fade. Ele \u00e9 desenvolvido pela Organiza\u00e7\u00e3o Mundial da Sa\u00fade (OMS) e tem como objetivo fornecer uma maneira padronizada de identificar e categorizar doen\u00e7as, facilitando o diagn\u00f3stico, o tratamento, a pesquisa e a coleta de dados<\/p>\n<div class=\"view-full-post\"><a href=\"https:\/\/www.tomiozzo.med.br\/?page_id=2280\" class=\"view-full-post-btn\">View Full Post<\/a><\/div>\n","protected":false},"author":1,"featured_media":0,"parent":0,"menu_order":0,"comment_status":"closed","ping_status":"closed","template":"","meta":{"footnotes":""},"class_list":["post-2280","page","type-page","status-publish","hentry"],"_links":{"self":[{"href":"https:\/\/www.tomiozzo.med.br\/index.php?rest_route=\/wp\/v2\/pages\/2280","targetHints":{"allow":["GET"]}}],"collection":[{"href":"https:\/\/www.tomiozzo.med.br\/index.php?rest_route=\/wp\/v2\/pages"}],"about":[{"href":"https:\/\/www.tomiozzo.med.br\/index.php?rest_route=\/wp\/v2\/types\/page"}],"author":[{"embeddable":true,"href":"https:\/\/www.tomiozzo.med.br\/index.php?rest_route=\/wp\/v2\/users\/1"}],"replies":[{"embeddable":true,"href":"https:\/\/www.tomiozzo.med.br\/index.php?rest_route=%2Fwp%2Fv2%2Fcomments&post=2280"}],"version-history":[{"count":2,"href":"https:\/\/www.tomiozzo.med.br\/index.php?rest_route=\/wp\/v2\/pages\/2280\/revisions"}],"predecessor-version":[{"id":2283,"href":"https:\/\/www.tomiozzo.med.br\/index.php?rest_route=\/wp\/v2\/pages\/2280\/revisions\/2283"}],"wp:attachment":[{"href":"https:\/\/www.tomiozzo.med.br\/index.php?rest_route=%2Fwp%2Fv2%2Fmedia&parent=2280"}],"curies":[{"name":"wp","href":"https:\/\/api.w.org\/{rel}","templated":true}]}}